{"id":59,"date":"2025-10-18T21:14:02","date_gmt":"2025-10-18T19:14:02","guid":{"rendered":"http:\/\/192.168.178.59\/wordpress\/?page_id=59"},"modified":"2026-01-26T09:41:51","modified_gmt":"2026-01-26T08:41:51","slug":"energieberatung-florian-fillafer","status":"publish","type":"page","link":"https:\/\/www.energieberatung-fillafer.de\/","title":{"rendered":"Herzlich Willkommen bei Ihrem Energieberater"},"content":{"rendered":"\n<p class=\"has-medium-font-size\">Sie wollen ihr Haus energetisch sanieren oder ein neues energieeffizientes Haus errichten? Ich erarbeite f\u00fcr Sie im Rahmen meiner Energieberatung konkrete Ma\u00dfnahmen nach Ihren W\u00fcnschen und helfe bei der Beschaffung von F\u00f6rdermitteln.<\/p>\n\n\n\n<div style=\"height:37px\" aria-hidden=\"true\" class=\"wp-block-spacer\"><\/div>\n\n\n\n<div>\n<p class=\"has-medium-font-size\">Meine Leistungen im \u00dcberblick<\/p>\n\n\n\n<ul class=\"wp-block-list\">\n<li class=\"has-medium-font-size\">Energieausweise f\u00fcr Wohngeb\u00e4ude<\/li>\n\n\n\n<li class=\"has-medium-font-size\">Energieberatung f\u00fcr Wohngeb\u00e4ude<\/li>\n\n\n\n<li class=\"has-medium-font-size\">Unterst\u00fctzung bei F\u00f6rdermittelbeschaffung<\/li>\n\n\n\n<li class=\"has-medium-font-size\">Heizlastberechnung nach DIN\/TS 12831<\/li>\n\n\n\n<li class=\"has-medium-font-size\">Baubegleitung ihrer energetischen Sanierung oder ihrem Neubau<\/li>\n<\/ul>\n<\/div>\n\n\n\n<div style=\"height:var(--wp--preset--spacing--20)\" aria-hidden=\"true\" class=\"wp-block-spacer\"><\/div>\n\n\n\n<a class=\"gb-text gb-text-c169e9e9 zentrierter-button\" href=\"https:\/\/www.energieberatung-fillafer.de\/index.php\/leistungen\/\">Mehr zu meinen Leistungen<\/a>\n\n\n\n<div style=\"height:var(--wp--preset--spacing--70)\" aria-hidden=\"true\" class=\"wp-block-spacer\"><\/div>\n\n\n\n<p class=\"has-contrast-color has-text-color has-link-color has-medium-font-size wp-elements-cbd0e57e03a1b80f86b93d5ec43d6355\">Bei Interesse kontaktieren Sie mich gerne per <a href=\"https:\/\/www.energieberatung-fillafer.de\/index.php\/kontakt\/#Telefonnummer\" title=\"Jetzt Ihren Energieberater kontaktieren\">Telefon <\/a>, <a href=\"https:\/\/www.energieberatung-fillafer.de\/index.php\/konta#e-mail\" title=\"\">E-Mail<\/a>, oder <a href=\"https:\/\/www.energieberatung-fillafer.de\/index.php\/kontakt\/#Kontaktformular\" title=\"Jetzt Ihren Energieberater kontaktieren\">Kontaktformular<\/a>. Ich melde mich umgehend bei Ihnen.<\/p>\n\n\n\n<div style=\"height:var(--wp--preset--spacing--60)\" aria-hidden=\"true\" class=\"wp-block-spacer\"><\/div>\n\n\n<div class=\"wp-block-image is-style-default\">\n<figure class=\"aligncenter size-large is-resized\"><img loading=\"lazy\" decoding=\"async\" width=\"738\" height=\"1024\" src=\"https:\/\/www.energieberatung-fillafer.de\/wp-content\/uploads\/2026\/01\/Fillafer-021225-04-738x1024.jpg\" alt=\"\" class=\"wp-image-507\" style=\"aspect-ratio:0.7206984468968604;object-fit:contain;width:230px;height:auto\" srcset=\"https:\/\/www.energieberatung-fillafer.de\/wp-content\/uploads\/2026\/01\/Fillafer-021225-04-738x1024.jpg 738w, https:\/\/www.energieberatung-fillafer.de\/wp-content\/uploads\/2026\/01\/Fillafer-021225-04-216x300.jpg 216w, https:\/\/www.energieberatung-fillafer.de\/wp-content\/uploads\/2026\/01\/Fillafer-021225-04-768x1065.jpg 768w, https:\/\/www.energieberatung-fillafer.de\/wp-content\/uploads\/2026\/01\/Fillafer-021225-04-1107x1536.jpg 1107w, https:\/\/www.energieberatung-fillafer.de\/wp-content\/uploads\/2026\/01\/Fillafer-021225-04-1476x2048.jpg 1476w, https:\/\/www.energieberatung-fillafer.de\/wp-content\/uploads\/2026\/01\/Fillafer-021225-04.jpg 1524w\" sizes=\"auto, (max-width: 738px) 100vw, 738px\" \/><\/figure>\n<\/div>\n\n\n<div style=\"height:46px\" aria-hidden=\"true\" class=\"wp-block-spacer\"><\/div>\n\n\n\n<a class=\"gb-text gb-text-4b51846a zentrierter-button\" href=\"https:\/\/www.energieberatung-fillafer.de\/index.php\/kontakt\/\">Kontakt<\/a>\n","protected":false},"excerpt":{"rendered":"<p>Sie wollen ihr Haus energetisch sanieren oder ein neues energieeffizientes Haus errichten? Ich erarbeite f\u00fcr Sie im Rahmen meiner Energieberatung konkrete Ma\u00dfnahmen nach Ihren W\u00fcnschen und helfe bei der Beschaffung von F\u00f6rdermitteln. Meine Leistungen im \u00dcberblick Mehr zu meinen Leistungen Bei Interesse kontaktieren Sie mich gerne per Telefon , E-Mail, oder Kontaktformular. Ich melde mich &#8230; <a title=\"Herzlich Willkommen bei Ihrem Energieberater\" class=\"read-more\" href=\"https:\/\/www.energieberatung-fillafer.de\/\" aria-label=\"Mehr Informationen \u00fcber Herzlich Willkommen bei Ihrem Energieberater\">Weiterlesen<\/a><\/p>\n","protected":false},"author":1,"featured_media":0,"parent":0,"menu_order":0,"comment_status":"closed","ping_status":"closed","template":"","meta":{"_monsterinsights_skip_tracking":false,"_monsterinsights_sitenote_active":false,"_monsterinsights_sitenote_note":"","_monsterinsights_sitenote_category":0,"footnotes":""},"class_list":["post-59","page","type-page","status-publish"],"aioseo_notices":[],"_links":{"self":[{"href":"https:\/\/www.energieberatung-fillafer.de\/index.php\/wp-json\/wp\/v2\/pages\/59","targetHints":{"allow":["GET"]}}],"collection":[{"href":"https:\/\/www.energieberatung-fillafer.de\/index.php\/wp-json\/wp\/v2\/pages"}],"about":[{"href":"https:\/\/www.energieberatung-fillafer.de\/index.php\/wp-json\/wp\/v2\/types\/page"}],"author":[{"embeddable":true,"href":"https:\/\/www.energieberatung-fillafer.de\/index.php\/wp-json\/wp\/v2\/users\/1"}],"replies":[{"embeddable":true,"href":"https:\/\/www.energieberatung-fillafer.de\/index.php\/wp-json\/wp\/v2\/comments?post=59"}],"version-history":[{"count":99,"href":"https:\/\/www.energieberatung-fillafer.de\/index.php\/wp-json\/wp\/v2\/pages\/59\/revisions"}],"predecessor-version":[{"id":511,"href":"https:\/\/www.energieberatung-fillafer.de\/index.php\/wp-json\/wp\/v2\/pages\/59\/revisions\/511"}],"wp:attachment":[{"href":"https:\/\/www.energieberatung-fillafer.de\/index.php\/wp-json\/wp\/v2\/media?parent=59"}],"curies":[{"name":"wp","href":"https:\/\/api.w.org\/{rel}","templated":true}]}}