{"id":50,"date":"2025-10-18T21:15:10","date_gmt":"2025-10-18T19:15:10","guid":{"rendered":"http:\/\/192.168.178.59\/wordpress\/?page_id=50"},"modified":"2026-01-26T09:48:11","modified_gmt":"2026-01-26T08:48:11","slug":"leistungen","status":"publish","type":"page","link":"https:\/\/www.energieberatung-fillafer.de\/index.php\/leistungen\/","title":{"rendered":"Meine Leistungen f\u00fcr Ihr Projekt"},"content":{"rendered":"\n<h2 class=\"gb-text\">Energieausweise f\u00fcr Wohngeb\u00e4ude<\/h2>\n\n\n\n<div>\n<ul class=\"wp-block-list\">\n<li>Schafft Transparenz f\u00fcr Mieter und K\u00e4ufer<\/li>\n\n\n\n<li style=\"text-transform:none\">Einordnung der Geb\u00e4ude in Effizienzklassen<\/li>\n\n\n\n<li>Ausstellungspflicht gem\u00e4\u00df GEG \u00a780\/81<\/li>\n\n\n\n<li>Es gibt 2 Arten von Energieausweisen\n<ul class=\"wp-block-list\">\n<li><strong>Bedarfsausweis<\/strong> bewertet den theoretischen Energieverbrauch eines Geb\u00e4udes basierend auf Baujahr, D\u00e4mmung, Heiztechnik und Geb\u00e4udeh\u00fclle.<\/li>\n\n\n\n<li><strong>Verbrauchsausweis<\/strong> zeigt den tats\u00e4chlichen Energieverbrauch eines Geb\u00e4udes basierend auf den Verbrauchsdaten der letzten drei Jahre (Heizung, Warmwasser).  Im Gegensatz zum Bedarfsausweis h\u00e4ngt er vom Nutzerverhalten ab.<\/li>\n<\/ul>\n<\/li>\n<\/ul>\n<\/div>\n\n\n\n<h2 class=\"gb-text\">Energieberatung f\u00fcr Wohngeb\u00e4ude<\/h2>\n\n\n\n<div>\n<ul class=\"wp-block-list\">\n<li>Energieberatung mit Hilfe eines individuellen Sanierungsfahrplan (iSFP) <\/li>\n\n\n\n<li>Einfache Energieberatung ohne iSFP (ohne staatliche Zusch\u00fcsse), aber flexibel auf Ihre W\u00fcnsche abgestimmt.<\/li>\n<\/ul>\n\n\n\n<h4 class=\"gb-text gb-text-76d044f1\">Meine Energieberatung umfasst in beiden F\u00e4llen<\/h4>\n\n\n\n<ul class=\"wp-block-list\">\n<li>eine kostenlose Erstberatung (ca. 1h)<\/li>\n\n\n\n<li>Bestandsaufnahme der Geb\u00e4udeh\u00fclle und technischen Geb\u00e4udeausr\u00fcstung<\/li>\n\n\n\n<li>Analyse und Ma\u00dfnahmenvorschl\u00e4ge (inkl. passender F\u00f6rdermittel)<\/li>\n\n\n\n<li>Umsetzungsbegleitung<\/li>\n<\/ul>\n<\/div>\n\n\n\n<h2 class=\"gb-text gb-text-dcd2bd3a\">Heizlastberechnung nach DIN\/TS 12831<\/h2>\n\n\n\n<div class=\"gb-element-597a3be0\">\n<p class=\"gb-text gb-text-e04b2328\">Sie planen eine neue Heizungsanlage oder sanieren Ihr Geb\u00e4ude? Mit der <strong>Heizlastberechnung nach DIN\/TS 12831<\/strong> ermitteln wir die exakte W\u00e4rmeleistung, die Ihr Geb\u00e4ude ben\u00f6tigt \u2013 f\u00fcr eine effiziente, kostensparende und zukunftssichere Heizungsplanung.<\/p>\n\n\n\n<ul class=\"wp-block-list\">\n<li><strong>Individuelle Berechnung<\/strong> f\u00fcr jedes Geb\u00e4ude und jeden Raum <\/li>\n\n\n\n<li><strong>Normgerechte Planung<\/strong> nach aktuellster DIN\/TS 12831 <\/li>\n\n\n\n<li><strong>Optimierte Dimensionierung<\/strong> Ihrer Heizungsanlage \u2013 weder \u00fcber- noch unterdimensioniert <\/li>\n\n\n\n<li><strong>Grundlage f\u00fcr F\u00f6rderantr\u00e4ge<\/strong> z.B. beim Heizungstausch<\/li>\n\n\n\n<li><strong>Transparente Dokumentation<\/strong> mit klaren Empfehlungen<\/li>\n<\/ul>\n<\/div>\n\n\n\n<h2 class=\"gb-text\">Unterst\u00fctzung bei F\u00f6rdermittelbeschaffung<\/h2>\n\n\n\n<p class=\"gb-text-d64fcb3a\"><span class=\"gb-shape\"><svg aria-hidden=\"true\" role=\"img\" height=\"1em\" width=\"1em\" viewBox=\"0 0 256 512\" xmlns=\"http:\/\/www.w3.org\/2000\/svg\"><path fill=\"currentColor\" d=\"M224.3 273l-136 136c-9.4 9.4-24.6 9.4-33.9 0l-22.6-22.6c-9.4-9.4-9.4-24.6 0-33.9l96.4-96.4-96.4-96.4c-9.4-9.4-9.4-24.6 0-33.9L54.3 103c9.4-9.4 24.6-9.4 33.9 0l136 136c9.5 9.4 9.5 24.6.1 34z\"><\/path><\/svg><\/span><span class=\"gb-text\">Viele Ma\u00dfnahmen lassen sich kombinieren &#8211; Ich helfe Ihnen die passende F\u00f6rderung zu finden.<\/span><\/p>\n\n\n\n<h3 class=\"gb-text\">BAFA<\/h3>\n\n\n\n<p class=\"gb-text gb-text-6bb545d3\">Das Bundesamt f\u00fcr Wirtschaft und Ausfuhrkontrolle bietet <br>Direktzusch\u00fcsse f\u00fcr Einzelma\u00dfnahmen an der Geb\u00e4udeh\u00fclle und der technischen Geb\u00e4udeausr\u00fcstung.<\/p>\n\n\n\n<h3 class=\"gb-text\">KfW<\/h3>\n\n\n\n<p class=\"gb-text gb-text-e6dcb8c3\">Die Kreditanstalt f\u00fcr Wiederaufbau f\u00f6rdert den energieeffizienten Neubau und Umbau von Immobilien durch zinsg\u00fcnstige Kredite und Tilgungszusch\u00fcsse.<\/p>\n\n\n\n<div style=\"height:20px\" aria-hidden=\"true\" class=\"wp-block-spacer\"><\/div>\n\n\n\n<h2 class=\"gb-text\">Baubegleitung ihrer energetischen Sanierung oder ihrem Neubau<\/h2>\n\n\n\n<p class=\"gb-text\">Zur Sicherstellung der fachgerechten Umsetzung begleite ich Ihr Bauvorhaben von der Planungsphase bis zum Projektabschluss. Dies beinhaltet regelm\u00e4\u00dfige Kontrollen und Dokumentation w\u00e4hrend der Bauphase. <\/p>\n","protected":false},"excerpt":{"rendered":"<p>Energieausweise f\u00fcr Wohngeb\u00e4ude Energieberatung f\u00fcr Wohngeb\u00e4ude Meine Energieberatung umfasst in beiden F\u00e4llen Heizlastberechnung nach DIN\/TS 12831 Sie planen eine neue Heizungsanlage oder sanieren Ihr Geb\u00e4ude? Mit der Heizlastberechnung nach DIN\/TS 12831 ermitteln wir die exakte W\u00e4rmeleistung, die Ihr Geb\u00e4ude ben\u00f6tigt \u2013 f\u00fcr eine effiziente, kostensparende und zukunftssichere Heizungsplanung. Unterst\u00fctzung bei F\u00f6rdermittelbeschaffung Viele Ma\u00dfnahmen lassen sich &#8230; <a title=\"Meine Leistungen f\u00fcr Ihr Projekt\" class=\"read-more\" href=\"https:\/\/www.energieberatung-fillafer.de\/index.php\/leistungen\/\" aria-label=\"Mehr Informationen \u00fcber Meine Leistungen f\u00fcr Ihr Projekt\">Weiterlesen<\/a><\/p>\n","protected":false},"author":1,"featured_media":0,"parent":0,"menu_order":1,"comment_status":"closed","ping_status":"closed","template":"","meta":{"_monsterinsights_skip_tracking":false,"_monsterinsights_sitenote_active":false,"_monsterinsights_sitenote_note":"","_monsterinsights_sitenote_category":0,"footnotes":""},"class_list":["post-50","page","type-page","status-publish"],"aioseo_notices":[],"_links":{"self":[{"href":"https:\/\/www.energieberatung-fillafer.de\/index.php\/wp-json\/wp\/v2\/pages\/50","targetHints":{"allow":["GET"]}}],"collection":[{"href":"https:\/\/www.energieberatung-fillafer.de\/index.php\/wp-json\/wp\/v2\/pages"}],"about":[{"href":"https:\/\/www.energieberatung-fillafer.de\/index.php\/wp-json\/wp\/v2\/types\/page"}],"author":[{"embeddable":true,"href":"https:\/\/www.energieberatung-fillafer.de\/index.php\/wp-json\/wp\/v2\/users\/1"}],"replies":[{"embeddable":true,"href":"https:\/\/www.energieberatung-fillafer.de\/index.php\/wp-json\/wp\/v2\/comments?post=50"}],"version-history":[{"count":94,"href":"https:\/\/www.energieberatung-fillafer.de\/index.php\/wp-json\/wp\/v2\/pages\/50\/revisions"}],"predecessor-version":[{"id":514,"href":"https:\/\/www.energieberatung-fillafer.de\/index.php\/wp-json\/wp\/v2\/pages\/50\/revisions\/514"}],"wp:attachment":[{"href":"https:\/\/www.energieberatung-fillafer.de\/index.php\/wp-json\/wp\/v2\/media?parent=50"}],"curies":[{"name":"wp","href":"https:\/\/api.w.org\/{rel}","templated":true}]}}